{"id":1417,"date":"2018-07-04T19:32:10","date_gmt":"2018-07-04T17:32:10","guid":{"rendered":"https:\/\/dmcreative.hu\/ugyfelkapu\/?page_id=1417"},"modified":"2018-07-04T19:40:34","modified_gmt":"2018-07-04T17:40:34","slug":"redirect","status":"publish","type":"page","link":"https:\/\/dmcreative.hu\/ugyfelkapu\/","title":{"rendered":"\u00c1tir\u00e1ny\u00edtunk a kezd\u0151lapra&#8230;"},"content":{"rendered":"<p><meta http-equiv=\"refresh\" content=\"0;URL=https:\/\/dmcreative.hu\" \/><\/p>\n","protected":false},"excerpt":{"rendered":"","protected":false},"author":1,"featured_media":0,"parent":0,"menu_order":0,"comment_status":"closed","ping_status":"closed","template":"","meta":[],"_links":{"self":[{"href":"https:\/\/dmcreative.hu\/ugyfelkapu\/wp-json\/wp\/v2\/pages\/1417"}],"collection":[{"href":"https:\/\/dmcreative.hu\/ugyfelkapu\/wp-json\/wp\/v2\/pages"}],"about":[{"href":"https:\/\/dmcreative.hu\/ugyfelkapu\/wp-json\/wp\/v2\/types\/page"}],"author":[{"embeddable":true,"href":"https:\/\/dmcreative.hu\/ugyfelkapu\/wp-json\/wp\/v2\/users\/1"}],"replies":[{"embeddable":true,"href":"https:\/\/dmcreative.hu\/ugyfelkapu\/wp-json\/wp\/v2\/comments?post=1417"}],"version-history":[{"count":5,"href":"https:\/\/dmcreative.hu\/ugyfelkapu\/wp-json\/wp\/v2\/pages\/1417\/revisions"}],"predecessor-version":[{"id":1422,"href":"https:\/\/dmcreative.hu\/ugyfelkapu\/wp-json\/wp\/v2\/pages\/1417\/revisions\/1422"}],"wp:attachment":[{"href":"https:\/\/dmcreative.hu\/ugyfelkapu\/wp-json\/wp\/v2\/media?parent=1417"}],"curies":[{"name":"wp","href":"https:\/\/api.w.org\/{rel}","templated":true}]}}